{"id":2,"date":"2025-10-29T21:47:44","date_gmt":"2025-10-29T21:47:44","guid":{"rendered":"https:\/\/martinblindow.de\/?page_id=2"},"modified":"2025-11-01T13:12:09","modified_gmt":"2025-11-01T12:12:09","slug":"sample-page","status":"publish","type":"page","link":"https:\/\/martinblindow.de\/?page_id=2","title":{"rendered":"Lebenslauf"},"content":{"rendered":"\n<p><\/p>\n\n\n\n<blockquote class=\"wp-block-quote is-layout-flow wp-block-quote-is-layout-flow\">\n<p>MARTIN BLINDOW, geboren 1929 in Wuppertal-Barmen; studierte Musikwissenschaft, Philosophie und Kunstgeschichte an der Universit\u00e4t K\u00f6ln und Kirchenmusik an der Musikhochschule K\u00f6ln; A-und\u00a0 \u00a0Konzertexamen f\u00fcr Orgel, Promotion 1956; Kantor in D\u00fcren, Universit\u00e4tsprofessor in M\u00fcnster, Orgelsachverst\u00e4ndiger der ev. Kirche Westfalen und Leiter einer Orgelklasse an der Musikhochschule Westfalen-Lippe, der Studentenkantorei und des Kammerchores der Universit\u00e4t\u00a0 M\u00fcnster; Konzertt\u00e4tigkeit als Organist im In- und Ausland<\/p>\n<\/blockquote>\n\n\n\n<p><\/p>\n","protected":false},"excerpt":{"rendered":"<p>MARTIN BLINDOW, geboren 1929 in Wuppertal-Barmen; studierte Musikwissenschaft, Philosophie und Kunstgeschichte an der Universit\u00e4t K\u00f6ln und Kirchenmusik an der Musikhochschule K\u00f6ln; A-und\u00a0 \u00a0Konzertexamen f\u00fcr Orgel, Promotion 1956; Kantor in D\u00fcren, Universit\u00e4tsprofessor in M\u00fcnster, Orgelsachverst\u00e4ndiger der ev. Kirche Westfalen und Leiter einer Orgelklasse an der Musikhochschule Westfalen-Lippe, der Studentenkantorei und des Kammerchores der Universit\u00e4t\u00a0 M\u00fcnster; Konzertt\u00e4tigkeit [&hellip;]<\/p>\n","protected":false},"author":1,"featured_media":0,"parent":0,"menu_order":0,"comment_status":"closed","ping_status":"open","template":"","meta":{"footnotes":""},"class_list":["post-2","page","type-page","status-publish","hentry"],"_links":{"self":[{"href":"https:\/\/martinblindow.de\/index.php?rest_route=\/wp\/v2\/pages\/2","targetHints":{"allow":["GET"]}}],"collection":[{"href":"https:\/\/martinblindow.de\/index.php?rest_route=\/wp\/v2\/pages"}],"about":[{"href":"https:\/\/martinblindow.de\/index.php?rest_route=\/wp\/v2\/types\/page"}],"author":[{"embeddable":true,"href":"https:\/\/martinblindow.de\/index.php?rest_route=\/wp\/v2\/users\/1"}],"replies":[{"embeddable":true,"href":"https:\/\/martinblindow.de\/index.php?rest_route=%2Fwp%2Fv2%2Fcomments&post=2"}],"version-history":[{"count":2,"href":"https:\/\/martinblindow.de\/index.php?rest_route=\/wp\/v2\/pages\/2\/revisions"}],"predecessor-version":[{"id":26,"href":"https:\/\/martinblindow.de\/index.php?rest_route=\/wp\/v2\/pages\/2\/revisions\/26"}],"wp:attachment":[{"href":"https:\/\/martinblindow.de\/index.php?rest_route=%2Fwp%2Fv2%2Fmedia&parent=2"}],"curies":[{"name":"wp","href":"https:\/\/api.w.org\/{rel}","templated":true}]}}